{"id":89,"date":"2021-04-27T04:13:38","date_gmt":"2021-04-27T02:13:38","guid":{"rendered":"http:\/\/letronchay.com\/?page_id=89"},"modified":"2022-01-26T03:46:18","modified_gmt":"2022-01-26T02:46:18","slug":"sejour","status":"publish","type":"page","link":"https:\/\/letronchay.com\/index.php\/sejour\/","title":{"rendered":"S\u00e9journez !"},"content":{"rendered":"\n<figure class=\"wp-block-image size-large\"><img loading=\"lazy\" width=\"1024\" height=\"768\" src=\"https:\/\/letronchay.com\/wp-content\/uploads\/2021\/04\/IMG_5470-1024x768.jpeg\" alt=\"\" class=\"wp-image-90\" srcset=\"https:\/\/letronchay.com\/wp-content\/uploads\/2021\/04\/IMG_5470-1024x768.jpeg 1024w, https:\/\/letronchay.com\/wp-content\/uploads\/2021\/04\/IMG_5470-300x225.jpeg 300w, https:\/\/letronchay.com\/wp-content\/uploads\/2021\/04\/IMG_5470-768x576.jpeg 768w, https:\/\/letronchay.com\/wp-content\/uploads\/2021\/04\/IMG_5470-1536x1152.jpeg 1536w, https:\/\/letronchay.com\/wp-content\/uploads\/2021\/04\/IMG_5470-2048x1536.jpeg 2048w\" sizes=\"(max-width: 767px) 89vw, (max-width: 1000px) 54vw, (max-width: 1071px) 543px, 580px\" \/><\/figure>\n\n\n\n<p>Le domaine offre aujourd&rsquo;hui 4 h\u00e9bergements pouvant accueillir jusqu&rsquo;\u00e0 14 personnes au total. Il y a plusieurs moyens de s\u00e9journer \u00e0 la ferme suivant vos envies. AirBNB, Gites de France ou WWoofing.<\/p>\n\n\n\n<p>Les gites ruraux via AirBNB<\/p>\n\n\n\n<ul><li><a href=\"https:\/\/airbnb.com\/h\/letronchaymelrose\" data-type=\"URL\" data-id=\"https:\/\/airbnb.com\/h\/letronchaymelrose\">Melrose<\/a> (Suite 2 \u00e0 4 personnes)<\/li><li><a href=\"https:\/\/airbnb.com\/h\/letronchayjonagold\" data-type=\"URL\" data-id=\"https:\/\/airbnb.com\/h\/letronchayjonagold\">Jonagold<\/a> (Suite 2 \u00e0 4 personnes)<\/li><li><a href=\"https:\/\/airbnb.com\/h\/letronchayariane\" data-type=\"URL\" data-id=\"https:\/\/airbnb.com\/h\/letronchayariane\">Ariane<\/a> (chambre 2 personnes)<\/li><li><a href=\"https:\/\/airbnb.com\/h\/letronchayreinette\" target=\"_blank\" rel=\"noreferrer noopener\">Reinette<\/a> (Suite 4 personnes)<\/li><\/ul>\n\n\n\n<p>Ou par G\u00eetes de France : <\/p>\n\n\n\n<div class=\"gdf-WidgetBooking\" data-source=\"owner\" data-reference=\"H28H020504\"><\/div>\n<script type=\"text\/javascript\" src=\"https:\/\/widget.cloudspire.io\/booking\/sdk.js\"><\/script>\n\n\n\n\n\n\n<p><a href=\"https:\/\/wwoof.fr\/host\/8204-La-ferme-du-Tronchay-Galette\" data-type=\"URL\" data-id=\"https:\/\/wwoof.fr\/host\/8204-La-ferme-du-Tronchay-Galette\">Le Wwoofing<\/a> <\/p>\n","protected":false},"excerpt":{"rendered":"<p>Le domaine offre aujourd&rsquo;hui 4 h\u00e9bergements pouvant accueillir jusqu&rsquo;\u00e0 14 personnes au total. Il y a plusieurs moyens de s\u00e9journer \u00e0 la ferme suivant vos envies. AirBNB, Gites de France ou WWoofing. Les gites ruraux via AirBNB Melrose (Suite 2 \u00e0 4 personnes) Jonagold (Suite 2 \u00e0 4 personnes) Ariane (chambre 2 personnes) Reinette (Suite &hellip; <\/p>\n<p class=\"link-more\"><a href=\"https:\/\/letronchay.com\/index.php\/sejour\/\" class=\"more-link\">Continuer la lecture<span class=\"screen-reader-text\"> de &laquo;&nbsp;S\u00e9journez !&nbsp;&raquo;<\/span><\/a><\/p>\n","protected":false},"author":1,"featured_media":0,"parent":0,"menu_order":0,"comment_status":"closed","ping_status":"closed","template":"","meta":[],"_links":{"self":[{"href":"https:\/\/letronchay.com\/index.php\/wp-json\/wp\/v2\/pages\/89"}],"collection":[{"href":"https:\/\/letronchay.com\/index.php\/wp-json\/wp\/v2\/pages"}],"about":[{"href":"https:\/\/letronchay.com\/index.php\/wp-json\/wp\/v2\/types\/page"}],"author":[{"embeddable":true,"href":"https:\/\/letronchay.com\/index.php\/wp-json\/wp\/v2\/users\/1"}],"replies":[{"embeddable":true,"href":"https:\/\/letronchay.com\/index.php\/wp-json\/wp\/v2\/comments?post=89"}],"version-history":[{"count":8,"href":"https:\/\/letronchay.com\/index.php\/wp-json\/wp\/v2\/pages\/89\/revisions"}],"predecessor-version":[{"id":102,"href":"https:\/\/letronchay.com\/index.php\/wp-json\/wp\/v2\/pages\/89\/revisions\/102"}],"wp:attachment":[{"href":"https:\/\/letronchay.com\/index.php\/wp-json\/wp\/v2\/media?parent=89"}],"curies":[{"name":"wp","href":"https:\/\/api.w.org\/{rel}","templated":true}]}}