{"id":6,"date":"2021-04-15T20:47:55","date_gmt":"2021-04-15T18:47:55","guid":{"rendered":"http:\/\/letronchay.com\/?page_id=6"},"modified":"2021-04-17T03:33:43","modified_gmt":"2021-04-17T01:33:43","slug":"le-nouveau-e-mucem-ouvre-ses-portes-2","status":"publish","type":"page","link":"https:\/\/letronchay.com\/","title":{"rendered":"Un vieux cadre authentique pour plein de nouveaux  projets \u00e9thiques, \u00e9cologiques, po\u00e9tiques et esth\u00e9tiques !"},"content":{"rendered":"\n<div class=\"wp-container-1 wp-block-group alignwide\"><div class=\"wp-block-group__inner-container\">\n<h2 class=\"has-text-align-center\">Le domaine du Tronchay rassemble aujourd&rsquo;hui des espaces de travail collectif, des h\u00e9bergements et des activit\u00e9s agricoles biologiques mais l&rsquo;ensemble prend peu \u00e0 peu du sens et fait na\u00eetre une v\u00e9ritable usine \u00e0 exp\u00e9rimentations avec plein de nouvelles id\u00e9es, bonnes ou mauvaises ! <\/h2>\n<\/div><\/div>\n\n\n\n<div class=\"wp-block-columns alignwide\">\n<div class=\"wp-block-column\">\n<div class=\"wp-container-2 wp-block-group\"><div class=\"wp-block-group__inner-container\">\n<figure class=\"wp-block-image alignfull size-large\"><img loading=\"lazy\" width=\"1024\" height=\"576\" src=\"https:\/\/letronchay.com\/wp-content\/uploads\/2021\/04\/C51B2320-A5E1-45C9-955B-BE93F88144DF-1-1024x576.jpeg\" alt=\"\" class=\"wp-image-36\" srcset=\"https:\/\/letronchay.com\/wp-content\/uploads\/2021\/04\/C51B2320-A5E1-45C9-955B-BE93F88144DF-1-1024x576.jpeg 1024w, https:\/\/letronchay.com\/wp-content\/uploads\/2021\/04\/C51B2320-A5E1-45C9-955B-BE93F88144DF-1-300x169.jpeg 300w, https:\/\/letronchay.com\/wp-content\/uploads\/2021\/04\/C51B2320-A5E1-45C9-955B-BE93F88144DF-1-768x432.jpeg 768w, https:\/\/letronchay.com\/wp-content\/uploads\/2021\/04\/C51B2320-A5E1-45C9-955B-BE93F88144DF-1.jpeg 1280w\" sizes=\"(max-width: 767px) 89vw, (max-width: 1000px) 54vw, (max-width: 1071px) 543px, 580px\" \/><figcaption>Les travaux de mars 2021 de remplacement des couvertures usag\u00e9es des serres<\/figcaption><\/figure>\n\n\n\n<h3>Au programme : <\/h3>\n\n\n\n<p>Mara\u00eechage biologique<br>Apiculture<br>Jus de Pomme<br>Balades \u00e0 v\u00e9lo<br>Ne rien faire<br>Lecture<br>Une petite bulle de lenteur <br>Jardinage<br>Co-travail<br>S\u00e9minaire pour prendre du recul au vert <br>R\u00e9sidences d&rsquo;artistes <br>Expositions<br>F\u00eates aux lampions !<\/p>\n\n\n\n<p><\/p>\n\n\n\n<p><\/p>\n\n\n\n<div class=\"wp-block-button is-style-outline\"><a class=\"wp-block-button__link\" href=\"https:\/\/make.wordpress.org\/core\/2019\/09\/27\/block-editor-theme-related-updates-in-wordpress-5-3\/\">Lire la suite<\/a><\/div>\n<\/div><\/div>\n\n\n\n<div class=\"wp-container-3 wp-block-group\"><div class=\"wp-block-group__inner-container\">\n<figure class=\"wp-block-image alignfull size-large\"><img loading=\"lazy\" width=\"576\" height=\"1024\" src=\"https:\/\/letronchay.com\/wp-content\/uploads\/2021\/04\/1C6FAE36-D428-4202-8923-C9EBCBAEAA05-1-576x1024.jpeg\" alt=\"\" class=\"wp-image-32\" srcset=\"https:\/\/letronchay.com\/wp-content\/uploads\/2021\/04\/1C6FAE36-D428-4202-8923-C9EBCBAEAA05-1-576x1024.jpeg 576w, https:\/\/letronchay.com\/wp-content\/uploads\/2021\/04\/1C6FAE36-D428-4202-8923-C9EBCBAEAA05-1-169x300.jpeg 169w, https:\/\/letronchay.com\/wp-content\/uploads\/2021\/04\/1C6FAE36-D428-4202-8923-C9EBCBAEAA05-1.jpeg 720w\" sizes=\"(max-width: 576px) 100vw, 576px\" \/><figcaption>le colombier <\/figcaption><\/figure>\n\n\n\n<div class=\"wp-block-button is-style-outline\"><a class=\"wp-block-button__link\" href=\"https:\/\/make.wordpress.org\/core\/2019\/09\/27\/block-editor-theme-related-updates-in-wordpress-5-3\/\">Lire la suite<\/a><\/div>\n<\/div><\/div>\n<\/div>\n\n\n\n<div class=\"wp-block-column\">\n<div class=\"wp-container-4 wp-block-group\"><div class=\"wp-block-group__inner-container\">\n<figure class=\"wp-block-image alignfull size-large\"><img loading=\"lazy\" width=\"505\" height=\"898\" src=\"https:\/\/letronchay.com\/wp-content\/uploads\/2021\/04\/4D94C2B8-3E44-4869-9944-0FEEA344A9EF-1-edited.jpeg\" alt=\"\" class=\"wp-image-42\" srcset=\"https:\/\/letronchay.com\/wp-content\/uploads\/2021\/04\/4D94C2B8-3E44-4869-9944-0FEEA344A9EF-1-edited.jpeg 505w, https:\/\/letronchay.com\/wp-content\/uploads\/2021\/04\/4D94C2B8-3E44-4869-9944-0FEEA344A9EF-1-edited-169x300.jpeg 169w\" sizes=\"(max-width: 505px) 100vw, 505px\" \/><figcaption>Salut oh toi belle m\u00e9sange ! <\/figcaption><\/figure>\n\n\n\n<h3>La vie que je m\u00e9rite<\/h3>\n\n\n\n<p>tout est \u00e0 faire, n&rsquo;h\u00e9sitez pas \u00e0 venir nous aider dans le cadre d&rsquo;un WWOOFING, c&rsquo;est ici que \u00e7a se passe : <a href=\"https:\/\/wwoof.fr\/host\/8204-La-ferme-du-Tronchay-Galette \">https:\/\/wwoof.fr\/host\/8204-La-ferme-du-Tronchay-Galette <\/a><\/p>\n\n\n\n<p><\/p>\n\n\n\n<div class=\"wp-block-button is-style-outline\"><a class=\"wp-block-button__link\" href=\"https:\/\/make.wordpress.org\/core\/2019\/09\/27\/block-editor-theme-related-updates-in-wordpress-5-3\/\">Lire la suite<\/a><\/div>\n<\/div><\/div>\n\n\n\n<div class=\"wp-container-5 wp-block-group\"><div class=\"wp-block-group__inner-container\">\n<figure class=\"wp-block-image alignfull size-large\"><img loading=\"lazy\" width=\"1024\" height=\"768\" src=\"https:\/\/letronchay.com\/wp-content\/uploads\/2021\/04\/IMG_5717-1-1024x768.jpeg\" alt=\"\" class=\"wp-image-39\" srcset=\"https:\/\/letronchay.com\/wp-content\/uploads\/2021\/04\/IMG_5717-1-1024x768.jpeg 1024w, https:\/\/letronchay.com\/wp-content\/uploads\/2021\/04\/IMG_5717-1-300x225.jpeg 300w, https:\/\/letronchay.com\/wp-content\/uploads\/2021\/04\/IMG_5717-1-768x576.jpeg 768w, https:\/\/letronchay.com\/wp-content\/uploads\/2021\/04\/IMG_5717-1.jpeg 1280w\" sizes=\"(max-width: 767px) 89vw, (max-width: 1000px) 54vw, (max-width: 1071px) 543px, 580px\" \/><figcaption>La ferme sous la neige<\/figcaption><\/figure>\n\n\n\n<div class=\"wp-block-button is-style-outline\"><a class=\"wp-block-button__link\" href=\"https:\/\/make.wordpress.org\/core\/2019\/09\/27\/block-editor-theme-related-updates-in-wordpress-5-3\/\">Lire la suite<\/a><\/div>\n<\/div><\/div>\n<\/div>\n<\/div>\n\n\n\n<figure class=\"wp-block-image alignfull size-large\"><img loading=\"lazy\" width=\"1024\" height=\"234\" src=\"https:\/\/letronchay.com\/wp-content\/uploads\/2021\/04\/IMG_4148-1-1-1024x234.jpeg\" alt=\"\" class=\"wp-image-44\" srcset=\"https:\/\/letronchay.com\/wp-content\/uploads\/2021\/04\/IMG_4148-1-1-1024x234.jpeg 1024w, https:\/\/letronchay.com\/wp-content\/uploads\/2021\/04\/IMG_4148-1-1-300x69.jpeg 300w, https:\/\/letronchay.com\/wp-content\/uploads\/2021\/04\/IMG_4148-1-1-768x176.jpeg 768w, https:\/\/letronchay.com\/wp-content\/uploads\/2021\/04\/IMG_4148-1-1.jpeg 1280w\" sizes=\"(max-width: 767px) 89vw, (max-width: 1000px) 54vw, (max-width: 1071px) 543px, 580px\" \/><figcaption>un petit 360\u00b0 de la cour principale en f\u00e9vrier 2021<\/figcaption><\/figure>\n\n\n\n<div class=\"wp-container-6 wp-block-group alignwide\"><div class=\"wp-block-group__inner-container\">\n<h2 class=\"has-text-align-center has-accent-color has-text-color\">\u00abici il faudra que tout le monde participe un petit peu&nbsp;\u00bb<\/h2>\n<\/div><\/div>\n\n\n\n<p class=\"has-drop-cap\">Chaque petit morceau de terre, chaque rayon de soleil, chaque arbre, chaque animal ce qui nous inclue pour que tout le monde puisse jouir de l&rsquo;incroyable richesse du vivant tout en respectant ce qui nous a \u00e9t\u00e9 donn\u00e9 et que nous devrons rendre \u00e0 nos enfants au moins en aussi bon \u00e9tat que nous l&rsquo;avons re\u00e7u.<\/p>\n\n\n\n<p class=\"has-drop-cap\"><\/p>\n\n\n\n<p><\/p>\n\n\n\n<p><\/p>\n\n\n\n<div class=\"wp-container-8 wp-block-group alignwide has-background\" style=\"background-color:#ffffff\"><div class=\"wp-block-group__inner-container\">\n<div class=\"wp-container-7 wp-block-group\"><div class=\"wp-block-group__inner-container\">\n<h2 class=\"has-text-align-center\">Restez connect\u00e9s avec le Tronchay !<\/h2>\n\n\n\n<p class=\"has-text-align-center\"><\/p>\n\n\n\n<div class=\"wp-block-button aligncenter\"><a class=\"wp-block-button__link\" href=\"https:\/\/make.wordpress.org\/core\/2019\/09\/27\/block-editor-theme-related-updates-in-wordpress-5-3\/\">Rejoignez les amis du Tronchay<\/a><\/div>\n\n\n\n<p><\/p>\n<\/div><\/div>\n<\/div><\/div>\n\n\n\n<figure class=\"wp-block-gallery alignwide columns-2 is-cropped\"><ul class=\"blocks-gallery-grid\"><li class=\"blocks-gallery-item\"><figure><img loading=\"lazy\" width=\"1024\" height=\"768\" src=\"https:\/\/letronchay.com\/wp-content\/uploads\/2021\/04\/IMG_5717-1-1024x768.jpeg\" alt=\"\" data-id=\"39\" data-full-url=\"https:\/\/letronchay.com\/wp-content\/uploads\/2021\/04\/IMG_5717-1.jpeg\" data-link=\"https:\/\/letronchay.com\/index.php\/le-nouveau-e-mucem-ouvre-ses-portes-2\/img_5717-1\/\" class=\"wp-image-39\" srcset=\"https:\/\/letronchay.com\/wp-content\/uploads\/2021\/04\/IMG_5717-1-1024x768.jpeg 1024w, https:\/\/letronchay.com\/wp-content\/uploads\/2021\/04\/IMG_5717-1-300x225.jpeg 300w, https:\/\/letronchay.com\/wp-content\/uploads\/2021\/04\/IMG_5717-1-768x576.jpeg 768w, https:\/\/letronchay.com\/wp-content\/uploads\/2021\/04\/IMG_5717-1.jpeg 1280w\" sizes=\"(max-width: 767px) 89vw, (max-width: 1000px) 54vw, (max-width: 1071px) 543px, 580px\" \/><\/figure><\/li><li class=\"blocks-gallery-item\"><figure><img loading=\"lazy\" width=\"768\" height=\"1024\" src=\"https:\/\/letronchay.com\/wp-content\/uploads\/2021\/04\/IMG_3697-768x1024.jpeg\" alt=\"\" data-id=\"47\" data-full-url=\"https:\/\/letronchay.com\/wp-content\/uploads\/2021\/04\/IMG_3697.jpeg\" data-link=\"https:\/\/letronchay.com\/index.php\/le-nouveau-e-mucem-ouvre-ses-portes-2\/img_3697\/\" class=\"wp-image-47\" srcset=\"https:\/\/letronchay.com\/wp-content\/uploads\/2021\/04\/IMG_3697-768x1024.jpeg 768w, https:\/\/letronchay.com\/wp-content\/uploads\/2021\/04\/IMG_3697-225x300.jpeg 225w, https:\/\/letronchay.com\/wp-content\/uploads\/2021\/04\/IMG_3697.jpeg 960w\" sizes=\"(max-width: 767px) 89vw, (max-width: 1000px) 54vw, (max-width: 1071px) 543px, 580px\" \/><\/figure><\/li><\/ul><\/figure>\n","protected":false},"excerpt":{"rendered":"<p>Le domaine du Tronchay rassemble aujourd&rsquo;hui des espaces de travail collectif, des h\u00e9bergements et des activit\u00e9s agricoles biologiques mais l&rsquo;ensemble prend peu \u00e0 peu du sens et fait na\u00eetre une v\u00e9ritable usine \u00e0 exp\u00e9rimentations avec plein de nouvelles id\u00e9es, bonnes ou mauvaises ! Au programme : Mara\u00eechage biologiqueApicultureJus de PommeBalades \u00e0 v\u00e9loNe rien faireLectureUne petite &hellip; <\/p>\n<p class=\"link-more\"><a href=\"https:\/\/letronchay.com\/\" class=\"more-link\">Continuer la lecture<span class=\"screen-reader-text\"> de &laquo;&nbsp;Un vieux cadre authentique pour plein de nouveaux  projets \u00e9thiques, \u00e9cologiques, po\u00e9tiques et esth\u00e9tiques !&nbsp;&raquo;<\/span><\/a><\/p>\n","protected":false},"author":1,"featured_media":0,"parent":0,"menu_order":0,"comment_status":"closed","ping_status":"closed","template":"","meta":[],"_links":{"self":[{"href":"https:\/\/letronchay.com\/index.php\/wp-json\/wp\/v2\/pages\/6"}],"collection":[{"href":"https:\/\/letronchay.com\/index.php\/wp-json\/wp\/v2\/pages"}],"about":[{"href":"https:\/\/letronchay.com\/index.php\/wp-json\/wp\/v2\/types\/page"}],"author":[{"embeddable":true,"href":"https:\/\/letronchay.com\/index.php\/wp-json\/wp\/v2\/users\/1"}],"replies":[{"embeddable":true,"href":"https:\/\/letronchay.com\/index.php\/wp-json\/wp\/v2\/comments?post=6"}],"version-history":[{"count":7,"href":"https:\/\/letronchay.com\/index.php\/wp-json\/wp\/v2\/pages\/6\/revisions"}],"predecessor-version":[{"id":112,"href":"https:\/\/letronchay.com\/index.php\/wp-json\/wp\/v2\/pages\/6\/revisions\/112"}],"wp:attachment":[{"href":"https:\/\/letronchay.com\/index.php\/wp-json\/wp\/v2\/media?parent=6"}],"curies":[{"name":"wp","href":"https:\/\/api.w.org\/{rel}","templated":true}]}}